{"id":10,"date":"2020-10-14T00:26:24","date_gmt":"2020-10-14T00:26:24","guid":{"rendered":"https:\/\/demo.megathe.me\/heat\/megan\/?page_id=10"},"modified":"2023-12-07T16:13:47","modified_gmt":"2023-12-07T16:13:47","slug":"get-in-touch","status":"publish","type":"page","link":"https:\/\/imitariphotos.si\/index.php\/get-in-touch\/","title":{"rendered":"Get in touch"},"content":{"rendered":"<p>[vc_row el_class=&#8221;no-margin full-width special select2-enabled datepicker-enabled&#8221; css=&#8221;.vc_custom_1605617097599{background-color: #f0f3f6 !important;}&#8221;][vc_column width=&#8221;1\/2&#8243; css=&#8221;.vc_custom_1603107296693{padding-top: 50px !important;padding-bottom: 50px !important;}&#8221;][vc_column_text el_class=&#8221;link-transition&#8221;]<\/p>\n<h1 class=\"additional-font brush-text-decoration\" style=\"margin-top: 0px; text-align: left; margin-bottom: 2.1rem; letter-spacing: 0; font-size: 4.578em; margin-left: 0;\">Kontakt<\/h1>\n<p>Vesela bom vsakega sporo\u010dila.<br \/>\nZa ve\u010d informacij in ponudbo mi pi\u0161i tukaj ali na:info@imitariphotos.si[\/vc_column_text]\n<div class=\"wpcf7 no-js\" id=\"wpcf7-f11-o1\" lang=\"sl-SI\" dir=\"ltr\">\n<div class=\"screen-reader-response\"><p role=\"status\" aria-live=\"polite\" aria-atomic=\"true\"><\/p> <ul><\/ul><\/div>\n<form action=\"\/index.php\/wp-json\/wp\/v2\/pages\/10#wpcf7-f11-o1\" method=\"post\" class=\"wpcf7-form init\" aria-label=\"Contact form\" novalidate=\"novalidate\" data-status=\"init\">\n<div style=\"display: none;\">\n<input type=\"hidden\" name=\"_wpcf7\" value=\"11\" \/>\n<input type=\"hidden\" name=\"_wpcf7_version\" value=\"5.8.5\" \/>\n<input type=\"hidden\" name=\"_wpcf7_locale\" value=\"sl_SI\" \/>\n<input type=\"hidden\" name=\"_wpcf7_unit_tag\" value=\"wpcf7-f11-o1\" \/>\n<input type=\"hidden\" name=\"_wpcf7_container_post\" value=\"0\" \/>\n<input type=\"hidden\" name=\"_wpcf7_posted_data_hash\" value=\"\" \/>\n<\/div>\n<p><label> Va\u0161e polno ime<br \/>\n<span class=\"wpcf7-form-control-wrap\" data-name=\"your-name\"><input size=\"40\" class=\"wpcf7-form-control wpcf7-text wpcf7-validates-as-required\" autocomplete=\"name\" aria-required=\"true\" aria-invalid=\"false\" value=\"\" type=\"text\" name=\"your-name\" \/><\/span> <\/label>\n<\/p>\n<p><label> Va\u0161a e-po\u0161ta<br \/>\n<span class=\"wpcf7-form-control-wrap\" data-name=\"your-email\"><input size=\"40\" class=\"wpcf7-form-control wpcf7-email wpcf7-validates-as-required wpcf7-text wpcf7-validates-as-email\" autocomplete=\"email\" aria-required=\"true\" aria-invalid=\"false\" value=\"\" type=\"email\" name=\"your-email\" \/><\/span> <\/label>\n<\/p>\n<p><label> Zadeva<br \/>\n<span class=\"wpcf7-form-control-wrap\" data-name=\"your-subject\"><input size=\"40\" class=\"wpcf7-form-control wpcf7-text wpcf7-validates-as-required\" aria-required=\"true\" aria-invalid=\"false\" value=\"\" type=\"text\" name=\"your-subject\" \/><\/span> <\/label>\n<\/p>\n<p><label> Va\u0161e sporo\u010dilo (neobvezno)<br \/>\n<span class=\"wpcf7-form-control-wrap\" data-name=\"your-message\"><textarea cols=\"40\" rows=\"10\" class=\"wpcf7-form-control wpcf7-textarea\" aria-invalid=\"false\" name=\"your-message\"><\/textarea><\/span> <\/label>\n<\/p>\n<p><input class=\"wpcf7-form-control wpcf7-submit has-spinner\" type=\"submit\" value=\"Po\u0161lji\" \/>\n<\/p><div class=\"wpcf7-response-output\" aria-hidden=\"true\"><\/div>\n<\/form>\n<\/div>\n[\/vc_column][vc_column width=&#8221;1\/2&#8243;]\t\n\t<div \n\t\t \n\t\t\n\t\tclass=\"\n\t\t\tmt-gallery \n\t\t\t \n\t\t\tmt-animate_when_almost_visible-disabled \n\t\t\tfadeinup \n\t\t\tanimation-for-every-item-in-viewport-disabled \n\t\t\t\t\t\" \n\t\t\n\t\t \n\t\t\t\t \n\t\t \n\t\t \n\t\t \n\t\t\t>\n\t\t\n\t\t\t\t\t\t\t\t\t\t\t\t\t\n\t\t\t\t\t\t\n\t\t<ul \n\t\t\tclass=\"\n\t\t\t\tmt-gallery-wrapper\n\t\t\t\tgrid--layout-default \n\t\t\t\t\t\t\t\tgrid grid--col-2 grid--col-3-tablet grid--col-1-desktop grid--margins-none\t\t\t\t\t\t\t\"\n\t\t\t\t\n\t\t\tstyle=\"\n\t\t\t\t--margin-bottom-sizer: 0; \n\t\t\t\t\t\t\t\t\t\t\t\"\n\t\t>\n\t\t\n\t\t\t\n\t\t\t\t\t\t\t\t\t\t\n\t\t\t\t\t\t\t\t\t\t\t\t\t\n\t\t\t\t\t\t\t\t\n\t\t\t\t\t\t\t\t\n\t\t\t<li class=\"isotope-item grid__item\">\n\t\t\t\t<div class=\"grid__item-helper\" style=\"max-width: 914px;\">\n\t\t\t\t\t<div class=\"grid__item-wrapper-helper\">\n\t\t\t\t\t\t\t\t\t\t\t<div class=\"card \" style=\"max-width: 914px;\">\n\t\t\t\t\t\t\t\t\t\t\t\t\t\t\t<div class=\"card__image\" style=\"--aspect-ratio: 0.7140625;\">\n\t\t\t\t\t\t\t\t\t\t\t\t<img loading=\"lazy\" decoding=\"async\" width=\"914\" height=\"1280\" src=\"https:\/\/imitariphotos.si\/wp-content\/uploads\/2023\/12\/Z62_4411-914x1280.jpg\" class=\"card__attachment  attachment-large\" alt=\"\" srcset=\"https:\/\/imitariphotos.si\/wp-content\/uploads\/2023\/12\/Z62_4411-914x1280.jpg 914w, https:\/\/imitariphotos.si\/wp-content\/uploads\/2023\/12\/Z62_4411-691x968.jpg 691w, https:\/\/imitariphotos.si\/wp-content\/uploads\/2023\/12\/Z62_4411-768x1075.jpg 768w, https:\/\/imitariphotos.si\/wp-content\/uploads\/2023\/12\/Z62_4411.jpg 1000w\" sizes=\"auto, (max-width: 914px) 100vw, 914px\" \/>\t\t\t\t\t<\/div>\n\t\t\t\t\t\t\t\t\t\t\t\t\t\t\t<\/div>\n\t\t\t\t\t\t\t\t\t\t<\/div>\n\t\t\t\t\t\t\t\t\t<\/div>\n\t\t\t<\/li>\n\t\t\t\t\n\t\t\t\t\t\t\t\t\t\t\t\t\t\t\t<\/ul>\n\t<\/div>\n[\/vc_column][\/vc_row]<\/p>\n","protected":false},"excerpt":{"rendered":"<p>[vc_row el_class=&#8221;no-margin full-width special select2-enabled datepicker-enabled&#8221; css=&#8221;.vc_custom_1605617097599{background-color: #f0f3f6 !important;}&#8221;][vc_column width=&#8221;1\/2&#8243; css=&#8221;.vc_custom_1603107296693{padding-top: 50px !important;padding-bottom: 50px !important;}&#8221;][vc_column_text el_class=&#8221;link-transition&#8221;] Kontakt Vesela bom vsakega sporo\u010dila. Za ve\u010d informacij in ponudbo mi pi\u0161i tukaj ali na:info@imitariphotos.si[\/vc_column_text][\/vc_column][vc_column width=&#8221;1\/2&#8243;][\/vc_column][\/vc_row]<\/p>\n","protected":false},"author":1,"featured_media":0,"parent":0,"menu_order":0,"comment_status":"closed","ping_status":"closed","template":"blank-page.php","meta":{"footnotes":""},"class_list":["post-10","page","type-page","status-publish","hentry"],"_links":{"self":[{"href":"https:\/\/imitariphotos.si\/index.php\/wp-json\/wp\/v2\/pages\/10","targetHints":{"allow":["GET"]}}],"collection":[{"href":"https:\/\/imitariphotos.si\/index.php\/wp-json\/wp\/v2\/pages"}],"about":[{"href":"https:\/\/imitariphotos.si\/index.php\/wp-json\/wp\/v2\/types\/page"}],"author":[{"embeddable":true,"href":"https:\/\/imitariphotos.si\/index.php\/wp-json\/wp\/v2\/users\/1"}],"replies":[{"embeddable":true,"href":"https:\/\/imitariphotos.si\/index.php\/wp-json\/wp\/v2\/comments?post=10"}],"version-history":[{"count":2,"href":"https:\/\/imitariphotos.si\/index.php\/wp-json\/wp\/v2\/pages\/10\/revisions"}],"predecessor-version":[{"id":574,"href":"https:\/\/imitariphotos.si\/index.php\/wp-json\/wp\/v2\/pages\/10\/revisions\/574"}],"wp:attachment":[{"href":"https:\/\/imitariphotos.si\/index.php\/wp-json\/wp\/v2\/media?parent=10"}],"curies":[{"name":"wp","href":"https:\/\/api.w.org\/{rel}","templated":true}]}}