{"id":308,"date":"2020-10-14T00:26:08","date_gmt":"2020-10-14T00:26:08","guid":{"rendered":"https:\/\/demo.megathe.me\/heat\/megan\/?page_id=8"},"modified":"2023-12-07T16:10:05","modified_gmt":"2023-12-07T16:10:05","slug":"about","status":"publish","type":"page","link":"https:\/\/imitariphotos.si\/index.php\/about\/","title":{"rendered":"About"},"content":{"rendered":"<p>[vc_row el_class=&#8221;no-margin full-width special&#8221; css=&#8221;.vc_custom_1605606712791{background-color: #f0f3f6 !important;}&#8221;][vc_column width=&#8221;1\/2&#8243; css=&#8221;.vc_custom_1603107296693{padding-top: 50px !important;padding-bottom: 50px !important;}&#8221;][vc_column_text el_class=&#8221;link-transition&#8221;]<\/p>\n<h1 class=\"additional-font brush-text-decoration\" style=\"margin-top: 0px; text-align: left; margin-bottom: 2.1rem; letter-spacing: 0; font-size: 4.578em; margin-left: 0;\">\u017divjo, moje ime je Pia!<\/h1>\n<p>Svoj prvi fotoaparat sem kupila z namenom, da mi bo delal dru\u017ebo na potepanjih po hribih in potovanjih.<\/p>\n<p>Osebno zbirko fotografij sem takrat pridno delila na svojem Instagram profilu.<\/p>\n<p>V tem obdobju sem med drugim sodelovala tudi s Samsung Slovenija, znamko Vichy, Eucerinom in \u0160parom.<\/p>\n<p>Kasneje se mi je tako ponudila prilo\u017enost za fotografiranje prve dru\u017einice, potem pa \u0161e intimne poroke.<\/p>\n<p>In tako, se je vse skupaj za\u010delo&#8230;<\/p>\n<p>Hvala, ker mi zaupate.[\/vc_column_text][vc_btn title=&#8221;Kontakt&#8221; shape=&#8221;square&#8221; color=&#8221;from-customizer&#8221; align=&#8221;left&#8221; link=&#8221;url:https%3A%2F%2Fimitariphotos.si%2Findex.php%2Fget-in-touch%2F|title:Contact&#8221;][\/vc_column][vc_column width=&#8221;1\/2&#8243;][vc_single_image image=&#8221;558&#8243; img_size=&#8221;full&#8221; alignment=&#8221;center&#8221;][\/vc_column][\/vc_row]<\/p>\n","protected":false},"excerpt":{"rendered":"<p>[vc_row el_class=&#8221;no-margin full-width special&#8221; css=&#8221;.vc_custom_1605606712791{background-color: #f0f3f6 !important;}&#8221;][vc_column width=&#8221;1\/2&#8243; css=&#8221;.vc_custom_1603107296693{padding-top: 50px !important;padding-bottom: 50px !important;}&#8221;][vc_column_text el_class=&#8221;link-transition&#8221;] \u017divjo, moje ime je Pia! Svoj prvi fotoaparat sem kupila z namenom, da mi bo delal dru\u017ebo na potepanjih po hribih in potovanjih. Osebno zbirko fotografij sem takrat pridno delila na svojem Instagram profilu. V tem obdobju sem med drugim sodelovala &hellip;<\/p>\n","protected":false},"author":1,"featured_media":0,"parent":0,"menu_order":0,"comment_status":"closed","ping_status":"closed","template":"blank-page.php","meta":{"footnotes":""},"class_list":["post-308","page","type-page","status-publish","hentry"],"_links":{"self":[{"href":"https:\/\/imitariphotos.si\/index.php\/wp-json\/wp\/v2\/pages\/308","targetHints":{"allow":["GET"]}}],"collection":[{"href":"https:\/\/imitariphotos.si\/index.php\/wp-json\/wp\/v2\/pages"}],"about":[{"href":"https:\/\/imitariphotos.si\/index.php\/wp-json\/wp\/v2\/types\/page"}],"author":[{"embeddable":true,"href":"https:\/\/imitariphotos.si\/index.php\/wp-json\/wp\/v2\/users\/1"}],"replies":[{"embeddable":true,"href":"https:\/\/imitariphotos.si\/index.php\/wp-json\/wp\/v2\/comments?post=308"}],"version-history":[{"count":7,"href":"https:\/\/imitariphotos.si\/index.php\/wp-json\/wp\/v2\/pages\/308\/revisions"}],"predecessor-version":[{"id":572,"href":"https:\/\/imitariphotos.si\/index.php\/wp-json\/wp\/v2\/pages\/308\/revisions\/572"}],"wp:attachment":[{"href":"https:\/\/imitariphotos.si\/index.php\/wp-json\/wp\/v2\/media?parent=308"}],"curies":[{"name":"wp","href":"https:\/\/api.w.org\/{rel}","templated":true}]}}